{"id":2753,"date":"2024-04-29T13:52:42","date_gmt":"2024-04-29T11:52:42","guid":{"rendered":"https:\/\/tdiholding.com\/?page_id=2753"},"modified":"2024-06-11T15:41:50","modified_gmt":"2024-06-11T13:41:50","slug":"novinky","status":"publish","type":"page","link":"https:\/\/tdiholding.com\/sk\/novinky\/","title":{"rendered":"Novinky"},"content":{"rendered":"\t\t<div data-elementor-type=\"wp-page\" data-elementor-id=\"2753\" class=\"elementor elementor-2753\">\n\t\t\t\t<div class=\"elementor-element elementor-element-43a6fd22 e-flex e-con-boxed e-con e-parent\" data-id=\"43a6fd22\" data-element_type=\"container\" data-settings=\"{&quot;background_background&quot;:&quot;classic&quot;}\">\n\t\t\t\t\t<div class=\"e-con-inner\">\n\t\t\t\t<div class=\"elementor-element elementor-element-8c029de elementor-widget-tablet__width-inherit elementor-widget-mobile__width-inherit elementor-widget elementor-widget-heading\" data-id=\"8c029de\" data-element_type=\"widget\" data-widget_type=\"heading.default\">\n\t\t\t\t<div class=\"elementor-widget-container\">\n\t\t\t<style>\/*! elementor - v3.21.0 - 26-05-2024 *\/\n.elementor-heading-title{padding:0;margin:0;line-height:1}.elementor-widget-heading .elementor-heading-title[class*=elementor-size-]>a{color:inherit;font-size:inherit;line-height:inherit}.elementor-widget-heading .elementor-heading-title.elementor-size-small{font-size:15px}.elementor-widget-heading .elementor-heading-title.elementor-size-medium{font-size:19px}.elementor-widget-heading .elementor-heading-title.elementor-size-large{font-size:29px}.elementor-widget-heading .elementor-heading-title.elementor-size-xl{font-size:39px}.elementor-widget-heading .elementor-heading-title.elementor-size-xxl{font-size:59px}<\/style><h5 class=\"elementor-heading-title elementor-size-default\">PRE\u010c\u00cdTAJTE SI<\/h5>\t\t<\/div>\n\t\t\t\t<\/div>\n\t\t\t\t<div class=\"elementor-element elementor-element-402c2ecb elementor-widget-tablet__width-inherit elementor-widget-mobile__width-inherit elementor-widget elementor-widget-heading\" data-id=\"402c2ecb\" data-element_type=\"widget\" data-widget_type=\"heading.default\">\n\t\t\t\t<div class=\"elementor-widget-container\">\n\t\t\t<h2 class=\"elementor-heading-title elementor-size-default\">Na\u0161e novinky<\/h2>\t\t<\/div>\n\t\t\t\t<\/div>\n\t\t\t\t\t<\/div>\n\t\t\t\t<\/div>\n\t\t<div class=\"elementor-element elementor-element-4ce4ebc e-flex e-con-boxed e-con e-parent\" data-id=\"4ce4ebc\" data-element_type=\"container\">\n\t\t\t\t\t<div class=\"e-con-inner\">\n\t\t\t\t<div class=\"elementor-element elementor-element-110f3b9 elementor-widget elementor-widget-elementskit-blog-posts\" data-id=\"110f3b9\" data-element_type=\"widget\" data-widget_type=\"elementskit-blog-posts.default\">\n\t\t\t\t<div class=\"elementor-widget-container\">\n\t\t\t<div class=\"ekit-wid-con\" >        <div id=\"post-items--110f3b9\" class=\"row post-items\">\n                    <div class=\"col-md-12\">\n\n                                    <div class=\"elementskit-blog-block-post\">\n                        <div class=\"row no-gutters\">\n                                                            <div class=\"col-md-6 order-1\">\n                                    <a href=\"https:\/\/tdiholding.com\/sk\/spolupraca-izrael-a-slovensko-copy\/\" class=\"elementskit-entry-thumb\">\n                                        <img decoding=\"async\" src=\"https:\/\/tdiholding.com\/wp-content\/uploads\/2024\/04\/DSC_0132-1536x1048.jpg\" alt=\"N\u00e1v\u0161etva z Izraelskej ambas\u00e1dy\">\n                                    <\/a><!-- .elementskit-entry-thumb END -->\n                                <\/div>\n                            \n                            <div class=\"col-md-6 order-2\">\n                                <div class=\"elementskit-post-body \">\n                                    <div class=\"elementskit-entry-header\">\n                                        \n                                                                                            \t\t\t\t\t                                            \n                                            \n                                                                                            \t\t\t\t<h2 class=\"entry-title\">\n\t\t\t\t\t<a href=\"https:\/\/tdiholding.com\/sk\/spolupraca-izrael-a-slovensko-copy\/\">\n\t\t\t\t\t\tN\u00e1v\u0161etva z Izraelskej ambas\u00e1dy\t\t\t\t\t<\/a>\n\t\t\t\t<\/h2>\n\t\t\t                                                                                <\/div><!-- .elementskit-entry-header END -->\n\n                                                                            <div class=\"elementskit-post-footer\">\n                                                                                            <p>Zdie\u013eanie spolo\u010dn\u00fdch hodn\u00f4t V na\u0161ej spolo\u010dnosti sme t\u00fa \u010des\u0165 priv\u00edta\u0165 z\u00e1stupcov izraelskej ambas\u00e1dy. T\u00e1to n\u00e1v\u0161teva pre n\u00e1s bola mimoriadne v\u00fdznamn\u00e1 a symbolizovala na\u0161u \u00fazku spolupr\u00e1cu a priate\u013estvo s Izraelom. Po\u010das tejto n\u00e1v\u0161tevy sme mali pr\u00edle\u017eitos\u0165 prezentova\u0165 na\u0161e \u00faspechy a projekty a zdie\u013ea\u0165 na\u0161e spolo\u010dn\u00e9 hodnoty a ciele.&hellip;<\/p>\n                                                                                                                                <\/div><!-- .elementskit-post-footer END -->\n                                                                    <\/div><!-- .elementskit-post-body END -->\n                            <\/div>\n                        <\/div>\n                    <\/div><!-- .elementskit-blog-block-post .radius .gradient-bg END -->\n                \n            <\/div>\n                    <div class=\"col-md-12\">\n\n                                    <div class=\"elementskit-blog-block-post\">\n                        <div class=\"row no-gutters\">\n                                                            <div class=\"col-md-6 order-1\">\n                                    <a href=\"https:\/\/tdiholding.com\/sk\/spolupraca-izrael-a-slovensko\/\" class=\"elementskit-entry-thumb\">\n                                        <img decoding=\"async\" src=\"https:\/\/tdiholding.com\/wp-content\/uploads\/2024\/04\/65707396_2740023509405498_8751463587538534400_n-1536x1024.jpg\" alt=\"Spolupr\u00e1ca Izrael a Slovensko\">\n                                    <\/a><!-- .elementskit-entry-thumb END -->\n                                <\/div>\n                            \n                            <div class=\"col-md-6 order-2\">\n                                <div class=\"elementskit-post-body \">\n                                    <div class=\"elementskit-entry-header\">\n                                        \n                                                                                            \t\t\t\t\t                                            \n                                            \n                                                                                            \t\t\t\t<h2 class=\"entry-title\">\n\t\t\t\t\t<a href=\"https:\/\/tdiholding.com\/sk\/spolupraca-izrael-a-slovensko\/\">\n\t\t\t\t\t\tSpolupr\u00e1ca Izrael a Slovensko\t\t\t\t\t<\/a>\n\t\t\t\t<\/h2>\n\t\t\t                                                                                <\/div><!-- .elementskit-entry-header END -->\n\n                                                                            <div class=\"elementskit-post-footer\">\n                                                                                            <p>Budujeme medzin\u00e1rodn\u00fa spolupr\u00e1cu&#8230; S ve\u013ekou hrdos\u0165ou a pokorou oznamujeme, \u017ee sme sa stali jednou zo \u0161tyroch vybran\u00fdch firiem, ktor\u00e9 maj\u00fa t\u00fa \u010des\u0165 reprezentova\u0165 obchodn\u00e9 vz\u0165ahy medzi Slovenskom a Izraelom. Toto ocenenie n\u00e1s nesmierne pote\u0161ilo a vn\u00edmame ho ako potvrdenie na\u0161ej pr\u00e1ce a anga\u017eovanosti v oblasti medzin\u00e1rodnej spolupr\u00e1ce.&hellip;<\/p>\n                                                                                                                                <\/div><!-- .elementskit-post-footer END -->\n                                                                    <\/div><!-- .elementskit-post-body END -->\n                            <\/div>\n                        <\/div>\n                    <\/div><!-- .elementskit-blog-block-post .radius .gradient-bg END -->\n                \n            <\/div>\n                    <div class=\"col-md-12\">\n\n                                    <div class=\"elementskit-blog-block-post\">\n                        <div class=\"row no-gutters\">\n                                                            <div class=\"col-md-6 order-1\">\n                                    <a href=\"https:\/\/tdiholding.com\/sk\/kongress-monplatin-slovakia\/\" class=\"elementskit-entry-thumb\">\n                                        <img decoding=\"async\" src=\"https:\/\/tdiholding.com\/wp-content\/uploads\/2024\/04\/P9A9550-1536x1024.jpg\" alt=\"Kongress MonPlatin Slovakia\">\n                                    <\/a><!-- .elementskit-entry-thumb END -->\n                                <\/div>\n                            \n                            <div class=\"col-md-6 order-2\">\n                                <div class=\"elementskit-post-body \">\n                                    <div class=\"elementskit-entry-header\">\n                                        \n                                                                                            \t\t\t\t\t                                            \n                                            \n                                                                                            \t\t\t\t<h2 class=\"entry-title\">\n\t\t\t\t\t<a href=\"https:\/\/tdiholding.com\/sk\/kongress-monplatin-slovakia\/\">\n\t\t\t\t\t\tKongress MonPlatin Slovakia\t\t\t\t\t<\/a>\n\t\t\t\t<\/h2>\n\t\t\t                                                                                <\/div><!-- .elementskit-entry-header END -->\n\n                                                                            <div class=\"elementskit-post-footer\">\n                                                                                            <p>Navrhujeme, diskutujeme, inovujeme MonPlatin Kongress je v\u00fdnimo\u010dn\u00fdm medzin\u00e1rodn\u00fdm distrib\u00fatorsk\u00fdm stretnut\u00edm zna\u010dky MonPlatin, ktor\u00e9 sme s hrdos\u0165ou opakovane organizovali u n\u00e1s na Slovensku. Tento druh podujatia sa stal neoddelite\u013enou s\u00fa\u010das\u0165ou kalend\u00e1ra udalost\u00ed nielen pre n\u00e1s, ale aj pre na\u0161ich partnerov a priaznivcov. Ke\u010f\u017ee sme hlboko oddan\u00ed prezent\u00e1cii najnov\u0161\u00edch&hellip;<\/p>\n                                                                                                                                <\/div><!-- .elementskit-post-footer END -->\n                                                                    <\/div><!-- .elementskit-post-body END -->\n                            <\/div>\n                        <\/div>\n                    <\/div><!-- .elementskit-blog-block-post .radius .gradient-bg END -->\n                \n            <\/div>\n                <\/div>\n       <\/div>\t\t<\/div>\n\t\t\t\t<\/div>\n\t\t\t\t\t<\/div>\n\t\t\t\t<\/div>\n\t\t\t\t<\/div>\n\t\t","protected":false},"excerpt":{"rendered":"<p>PRE\u010c\u00cdTAJTE SI Na\u0161e novinky N\u00e1v\u0161etva z Izraelskej ambas\u00e1dy Zdie\u013eanie spolo\u010dn\u00fdch hodn\u00f4t V na\u0161ej spolo\u010dnosti sme t\u00fa \u010des\u0165 priv\u00edta\u0165 z\u00e1stupcov izraelskej ambas\u00e1dy. T\u00e1to n\u00e1v\u0161teva pre n\u00e1s bola mimoriadne v\u00fdznamn\u00e1 a symbolizovala na\u0161u \u00fazku spolupr\u00e1cu a priate\u013estvo s Izraelom. Po\u010das tejto n\u00e1v\u0161tevy sme mali pr\u00edle\u017eitos\u0165 prezentova\u0165 na\u0161e \u00faspechy a projekty a zdie\u013ea\u0165 na\u0161e spolo\u010dn\u00e9 hodnoty a ciele.&hellip; [&hellip;]<\/p>\n","protected":false},"author":1,"featured_media":0,"parent":0,"menu_order":0,"comment_status":"closed","ping_status":"closed","template":"elementor_header_footer","meta":{"_acf_changed":false,"footnotes":""},"class_list":["post-2753","page","type-page","status-publish","hentry"],"blocksy_meta":[],"acf":[],"yoast_head":"<!-- This site is optimized with the Yoast SEO plugin v22.8 - https:\/\/yoast.com\/wordpress\/plugins\/seo\/ -->\n<title>Novinky - TDI Holding<\/title>\n<meta name=\"robots\" content=\"index, follow, max-snippet:-1, max-image-preview:large, max-video-preview:-1\" \/>\n<link rel=\"canonical\" href=\"https:\/\/tdiholding.com\/novinky\/\" \/>\n<meta property=\"og:locale\" content=\"sk_SK\" \/>\n<meta property=\"og:type\" content=\"article\" \/>\n<meta property=\"og:title\" content=\"Novinky - TDI Holding\" \/>\n<meta property=\"og:description\" content=\"PRE\u010c\u00cdTAJTE SI Na\u0161e novinky N\u00e1v\u0161etva z Izraelskej ambas\u00e1dy Zdie\u013eanie spolo\u010dn\u00fdch hodn\u00f4t V na\u0161ej spolo\u010dnosti sme t\u00fa \u010des\u0165 priv\u00edta\u0165 z\u00e1stupcov izraelskej ambas\u00e1dy. T\u00e1to n\u00e1v\u0161teva pre n\u00e1s bola mimoriadne v\u00fdznamn\u00e1 a symbolizovala na\u0161u \u00fazku spolupr\u00e1cu a priate\u013estvo s Izraelom. Po\u010das tejto n\u00e1v\u0161tevy sme mali pr\u00edle\u017eitos\u0165 prezentova\u0165 na\u0161e \u00faspechy a projekty a zdie\u013ea\u0165 na\u0161e spolo\u010dn\u00e9 hodnoty a ciele.&hellip; [&hellip;]\" \/>\n<meta property=\"og:url\" content=\"https:\/\/tdiholding.com\/novinky\/\" \/>\n<meta property=\"og:site_name\" content=\"TDI Holding\" \/>\n<meta property=\"article:modified_time\" content=\"2024-06-11T13:41:50+00:00\" \/>\n<meta property=\"og:image\" content=\"https:\/\/tdiholding.com\/wp-content\/uploads\/2024\/04\/DSC_0132-1536x1048.jpg\" \/>\n<meta name=\"twitter:card\" content=\"summary_large_image\" \/>\n<meta name=\"twitter:label1\" content=\"Predpokladan\u00fd \u010das \u010d\u00edtania\" \/>\n\t<meta name=\"twitter:data1\" content=\"2 min\u00faty\" \/>\n<script type=\"application\/ld+json\" class=\"yoast-schema-graph\">{\"@context\":\"https:\/\/schema.org\",\"@graph\":[{\"@type\":\"WebPage\",\"@id\":\"https:\/\/tdiholding.com\/novinky\/\",\"url\":\"https:\/\/tdiholding.com\/novinky\/\",\"name\":\"Novinky - TDI Holding\",\"isPartOf\":{\"@id\":\"https:\/\/tdiholding.com\/#website\"},\"primaryImageOfPage\":{\"@id\":\"https:\/\/tdiholding.com\/novinky\/#primaryimage\"},\"image\":{\"@id\":\"https:\/\/tdiholding.com\/novinky\/#primaryimage\"},\"thumbnailUrl\":\"https:\/\/tdiholding.com\/wp-content\/uploads\/2024\/04\/DSC_0132-1536x1048.jpg\",\"datePublished\":\"2024-04-29T11:52:42+00:00\",\"dateModified\":\"2024-06-11T13:41:50+00:00\",\"breadcrumb\":{\"@id\":\"https:\/\/tdiholding.com\/novinky\/#breadcrumb\"},\"inLanguage\":\"sk-SK\",\"potentialAction\":[{\"@type\":\"ReadAction\",\"target\":[\"https:\/\/tdiholding.com\/novinky\/\"]}]},{\"@type\":\"ImageObject\",\"inLanguage\":\"sk-SK\",\"@id\":\"https:\/\/tdiholding.com\/novinky\/#primaryimage\",\"url\":\"https:\/\/tdiholding.com\/wp-content\/uploads\/2024\/04\/DSC_0132-1536x1048.jpg\",\"contentUrl\":\"https:\/\/tdiholding.com\/wp-content\/uploads\/2024\/04\/DSC_0132-1536x1048.jpg\"},{\"@type\":\"BreadcrumbList\",\"@id\":\"https:\/\/tdiholding.com\/novinky\/#breadcrumb\",\"itemListElement\":[{\"@type\":\"ListItem\",\"position\":1,\"name\":\"Home\",\"item\":\"https:\/\/tdiholding.com\/\"},{\"@type\":\"ListItem\",\"position\":2,\"name\":\"Novinky\"}]},{\"@type\":\"WebSite\",\"@id\":\"https:\/\/tdiholding.com\/#website\",\"url\":\"https:\/\/tdiholding.com\/\",\"name\":\"TDI Holding\",\"description\":\"V\u00e1\u0161 distrib\u00fator v centre Eur\u00f3py.\",\"publisher\":{\"@id\":\"https:\/\/tdiholding.com\/#organization\"},\"potentialAction\":[{\"@type\":\"SearchAction\",\"target\":{\"@type\":\"EntryPoint\",\"urlTemplate\":\"https:\/\/tdiholding.com\/?s={search_term_string}\"},\"query-input\":\"required name=search_term_string\"}],\"inLanguage\":\"sk-SK\"},{\"@type\":\"Organization\",\"@id\":\"https:\/\/tdiholding.com\/#organization\",\"name\":\"TDI Holding\",\"url\":\"https:\/\/tdiholding.com\/\",\"logo\":{\"@type\":\"ImageObject\",\"inLanguage\":\"sk-SK\",\"@id\":\"https:\/\/tdiholding.com\/#\/schema\/logo\/image\/\",\"url\":\"https:\/\/tdiholding.com\/wp-content\/uploads\/2023\/12\/tdi-logos-01.png\",\"contentUrl\":\"https:\/\/tdiholding.com\/wp-content\/uploads\/2023\/12\/tdi-logos-01.png\",\"width\":1080,\"height\":403,\"caption\":\"TDI Holding\"},\"image\":{\"@id\":\"https:\/\/tdiholding.com\/#\/schema\/logo\/image\/\"}}]}<\/script>\n<!-- \/ Yoast SEO plugin. -->","yoast_head_json":{"title":"Novinky - TDI Holding","robots":{"index":"index","follow":"follow","max-snippet":"max-snippet:-1","max-image-preview":"max-image-preview:large","max-video-preview":"max-video-preview:-1"},"canonical":"https:\/\/tdiholding.com\/novinky\/","og_locale":"sk_SK","og_type":"article","og_title":"Novinky - TDI Holding","og_description":"PRE\u010c\u00cdTAJTE SI Na\u0161e novinky N\u00e1v\u0161etva z Izraelskej ambas\u00e1dy Zdie\u013eanie spolo\u010dn\u00fdch hodn\u00f4t V na\u0161ej spolo\u010dnosti sme t\u00fa \u010des\u0165 priv\u00edta\u0165 z\u00e1stupcov izraelskej ambas\u00e1dy. T\u00e1to n\u00e1v\u0161teva pre n\u00e1s bola mimoriadne v\u00fdznamn\u00e1 a symbolizovala na\u0161u \u00fazku spolupr\u00e1cu a priate\u013estvo s Izraelom. Po\u010das tejto n\u00e1v\u0161tevy sme mali pr\u00edle\u017eitos\u0165 prezentova\u0165 na\u0161e \u00faspechy a projekty a zdie\u013ea\u0165 na\u0161e spolo\u010dn\u00e9 hodnoty a ciele.&hellip; [&hellip;]","og_url":"https:\/\/tdiholding.com\/novinky\/","og_site_name":"TDI Holding","article_modified_time":"2024-06-11T13:41:50+00:00","og_image":[{"url":"https:\/\/tdiholding.com\/wp-content\/uploads\/2024\/04\/DSC_0132-1536x1048.jpg"}],"twitter_card":"summary_large_image","twitter_misc":{"Predpokladan\u00fd \u010das \u010d\u00edtania":"2 min\u00faty"},"schema":{"@context":"https:\/\/schema.org","@graph":[{"@type":"WebPage","@id":"https:\/\/tdiholding.com\/novinky\/","url":"https:\/\/tdiholding.com\/novinky\/","name":"Novinky - TDI Holding","isPartOf":{"@id":"https:\/\/tdiholding.com\/#website"},"primaryImageOfPage":{"@id":"https:\/\/tdiholding.com\/novinky\/#primaryimage"},"image":{"@id":"https:\/\/tdiholding.com\/novinky\/#primaryimage"},"thumbnailUrl":"https:\/\/tdiholding.com\/wp-content\/uploads\/2024\/04\/DSC_0132-1536x1048.jpg","datePublished":"2024-04-29T11:52:42+00:00","dateModified":"2024-06-11T13:41:50+00:00","breadcrumb":{"@id":"https:\/\/tdiholding.com\/novinky\/#breadcrumb"},"inLanguage":"sk-SK","potentialAction":[{"@type":"ReadAction","target":["https:\/\/tdiholding.com\/novinky\/"]}]},{"@type":"ImageObject","inLanguage":"sk-SK","@id":"https:\/\/tdiholding.com\/novinky\/#primaryimage","url":"https:\/\/tdiholding.com\/wp-content\/uploads\/2024\/04\/DSC_0132-1536x1048.jpg","contentUrl":"https:\/\/tdiholding.com\/wp-content\/uploads\/2024\/04\/DSC_0132-1536x1048.jpg"},{"@type":"BreadcrumbList","@id":"https:\/\/tdiholding.com\/novinky\/#breadcrumb","itemListElement":[{"@type":"ListItem","position":1,"name":"Home","item":"https:\/\/tdiholding.com\/"},{"@type":"ListItem","position":2,"name":"Novinky"}]},{"@type":"WebSite","@id":"https:\/\/tdiholding.com\/#website","url":"https:\/\/tdiholding.com\/","name":"TDI Holding","description":"V\u00e1\u0161 distrib\u00fator v centre Eur\u00f3py.","publisher":{"@id":"https:\/\/tdiholding.com\/#organization"},"potentialAction":[{"@type":"SearchAction","target":{"@type":"EntryPoint","urlTemplate":"https:\/\/tdiholding.com\/?s={search_term_string}"},"query-input":"required name=search_term_string"}],"inLanguage":"sk-SK"},{"@type":"Organization","@id":"https:\/\/tdiholding.com\/#organization","name":"TDI Holding","url":"https:\/\/tdiholding.com\/","logo":{"@type":"ImageObject","inLanguage":"sk-SK","@id":"https:\/\/tdiholding.com\/#\/schema\/logo\/image\/","url":"https:\/\/tdiholding.com\/wp-content\/uploads\/2023\/12\/tdi-logos-01.png","contentUrl":"https:\/\/tdiholding.com\/wp-content\/uploads\/2023\/12\/tdi-logos-01.png","width":1080,"height":403,"caption":"TDI Holding"},"image":{"@id":"https:\/\/tdiholding.com\/#\/schema\/logo\/image\/"}}]}},"_links":{"self":[{"href":"https:\/\/tdiholding.com\/sk\/wp-json\/wp\/v2\/pages\/2753","targetHints":{"allow":["GET"]}}],"collection":[{"href":"https:\/\/tdiholding.com\/sk\/wp-json\/wp\/v2\/pages"}],"about":[{"href":"https:\/\/tdiholding.com\/sk\/wp-json\/wp\/v2\/types\/page"}],"author":[{"embeddable":true,"href":"https:\/\/tdiholding.com\/sk\/wp-json\/wp\/v2\/users\/1"}],"replies":[{"embeddable":true,"href":"https:\/\/tdiholding.com\/sk\/wp-json\/wp\/v2\/comments?post=2753"}],"version-history":[{"count":35,"href":"https:\/\/tdiholding.com\/sk\/wp-json\/wp\/v2\/pages\/2753\/revisions"}],"predecessor-version":[{"id":3961,"href":"https:\/\/tdiholding.com\/sk\/wp-json\/wp\/v2\/pages\/2753\/revisions\/3961"}],"wp:attachment":[{"href":"https:\/\/tdiholding.com\/sk\/wp-json\/wp\/v2\/media?parent=2753"}],"curies":[{"name":"wp","href":"https:\/\/api.w.org\/{rel}","templated":true}]}}